{"id":1225,"date":"2023-01-13T12:30:30","date_gmt":"2023-01-13T11:30:30","guid":{"rendered":"http:\/\/www.partner-plast.com\/%d0%be-%d0%ba%d0%be%d0%bc%d0%bf%d0%b0%d0%bd%d0%b8%d0%b8\/"},"modified":"2023-03-07T10:02:52","modified_gmt":"2023-03-07T09:02:52","slug":"%d0%be-%d0%ba%d0%be%d0%bc%d0%bf%d0%b0%d0%bd%d0%b8%d0%b8","status":"publish","type":"page","link":"https:\/\/www.partner-plast.com\/ru\/%d0%be-%d0%ba%d0%be%d0%bc%d0%bf%d0%b0%d0%bd%d0%b8%d0%b8\/","title":{"rendered":"\u041e \u043a\u043e\u043c\u043f\u0430\u043d\u0438\u0438"},"content":{"rendered":"\t\t<div data-elementor-type=\"wp-page\" data-elementor-id=\"1225\" class=\"elementor elementor-1225 elementor-42\" data-elementor-post-type=\"page\">\n\t\t\t\t<div class=\"elementor-element elementor-element-ae774be e-flex e-con-boxed e-con e-parent\" data-id=\"ae774be\" data-element_type=\"container\" data-settings=\"{&quot;jet_parallax_layout_list&quot;:[]}\">\n\t\t\t\t\t<div class=\"e-con-inner\">\n\t\t\t\t<div class=\"elementor-element elementor-element-c3d9fca elementor-widget elementor-widget-text-editor\" data-id=\"c3d9fca\" data-element_type=\"widget\" data-widget_type=\"text-editor.default\">\n\t\t\t\t<div class=\"elementor-widget-container\">\n\t\t\t\t\t\t\t\t\t<p>PARTNERPLAST to obecnie najwi\u0119kszy Polski i jeden z najwi\u0119kszych Europejskich dostawc\u00f3w \u017celiwa drogowego i kanalizacyjnego wykonanego z \u017celiwa sferoidalnego.<\/p>\n<p>Od lat promujemy nasza mark\u0119: SFERO. Nasz\u0105 sil\u0119 stanowi\u0105 dwie odlewnie o \u0142\u0105cznej mocy produkcyjnej ponad 400 ton miesi\u0119cznie. Ca\u0142y proces produkcyjny prowadzony jest i kontrolowany zgodnie z wymogami normy europejskiej PN:EN 124-2.<\/p>\n<p>W naszej ofercie znajd\u0105 Pa\u0144stwo w\u0142azy i wpusty drogowe klasy C250-D400 jak r\u00f3wnie\u017c produkty lotniskowe klasy E600-F900. Nasze produkty to wynik po\u0142\u0105czenia najlepszych praktyk pocz\u0105wszy od projektowania wyrobu, poprzez produkcj\u0119 odlewu, kontrol\u0119 jego jako\u015bci a\u017c po jego dostaw\u0119 do Klienta.<\/p>\n<p>Nasze produkty zaprojektowane s\u0105 przez naszych in\u017cynier\u00f3w zgodnie z wymogami europejskiej normy PN:EN 124-2. SFERO to \u017celiwa spe\u0142niaj\u0105ce wszystkie wymogi polskich i europejskich norm budowlanych, solidnie i estetycznie wykonane, optymalne cenowo, a pod wzgl\u0119dem cech produktu niejednokrotnie przewy\u017cszaj\u0105ce podobne tego typu produkty na rynku.<\/p>\n<p>Jeste\u015bmy dynamicznie rozwijaj\u0105cym si\u0119 przedsi\u0119biorstwem otwartym na potrzeby i sugestie klient\u00f3w. Zalet\u0105 firmy jest tak\u017ce szybka i fachowa obs\u0142uga odbiorc\u00f3w w kraju jak i za granic\u0105 oraz mo\u017cliwo\u015b\u0107 dopasowania si\u0119 do ich indywidualnych potrzeb.<\/p>\n\t\t\t\t\t\t\t\t<\/div>\n\t\t\t\t<\/div>\n\t\t\t\t<div class=\"elementor-element elementor-element-dabc058 elementor-widget elementor-widget-gallery\" data-id=\"dabc058\" data-element_type=\"widget\" data-settings=\"{&quot;lazyload&quot;:&quot;yes&quot;,&quot;gallery_layout&quot;:&quot;grid&quot;,&quot;columns&quot;:4,&quot;columns_tablet&quot;:2,&quot;columns_mobile&quot;:1,&quot;gap&quot;:{&quot;unit&quot;:&quot;px&quot;,&quot;size&quot;:10,&quot;sizes&quot;:[]},&quot;gap_tablet&quot;:{&quot;unit&quot;:&quot;px&quot;,&quot;size&quot;:10,&quot;sizes&quot;:[]},&quot;gap_mobile&quot;:{&quot;unit&quot;:&quot;px&quot;,&quot;size&quot;:10,&quot;sizes&quot;:[]},&quot;link_to&quot;:&quot;file&quot;,&quot;aspect_ratio&quot;:&quot;3:2&quot;,&quot;overlay_background&quot;:&quot;yes&quot;,&quot;content_hover_animation&quot;:&quot;fade-in&quot;}\" data-widget_type=\"gallery.default\">\n\t\t\t\t<div class=\"elementor-widget-container\">\n\t\t\t\t\t\t\t<div class=\"elementor-gallery__container\">\n\t\t\t\t\t\t\t<a class=\"e-gallery-item elementor-gallery-item elementor-animated-content\" href=\"https:\/\/www.partner-plast.com\/wp-content\/uploads\/2023\/02\/04.jpeg\" data-elementor-open-lightbox=\"yes\" data-elementor-lightbox-slideshow=\"dabc058\" data-elementor-lightbox-title=\"04\" data-e-action-hash=\"#elementor-action%3Aaction%3Dlightbox%26settings%3DeyJpZCI6MTQwNSwidXJsIjoiaHR0cHM6XC9cL3d3dy5wYXJ0bmVyLXBsYXN0LmNvbVwvd3AtY29udGVudFwvdXBsb2Fkc1wvMjAyM1wvMDJcLzA0LmpwZWciLCJzbGlkZXNob3ciOiJkYWJjMDU4In0%3D\">\n\t\t\t\t\t<div class=\"e-gallery-image elementor-gallery-item__image\" data-thumbnail=\"https:\/\/www.partner-plast.com\/wp-content\/uploads\/2023\/02\/04-768x1024.jpeg\" data-width=\"768\" data-height=\"1024\" aria-label=\"\" role=\"img\" ><\/div>\n\t\t\t\t\t\t\t\t\t\t\t<div class=\"elementor-gallery-item__overlay\"><\/div>\n\t\t\t\t\t\t\t\t\t\t\t\t\t\t<\/a>\n\t\t\t\t\t\t\t<a class=\"e-gallery-item elementor-gallery-item elementor-animated-content\" href=\"https:\/\/www.partner-plast.com\/wp-content\/uploads\/2023\/02\/03.jpeg\" data-elementor-open-lightbox=\"yes\" data-elementor-lightbox-slideshow=\"dabc058\" data-elementor-lightbox-title=\"03\" data-e-action-hash=\"#elementor-action%3Aaction%3Dlightbox%26settings%3DeyJpZCI6MTQwNCwidXJsIjoiaHR0cHM6XC9cL3d3dy5wYXJ0bmVyLXBsYXN0LmNvbVwvd3AtY29udGVudFwvdXBsb2Fkc1wvMjAyM1wvMDJcLzAzLmpwZWciLCJzbGlkZXNob3ciOiJkYWJjMDU4In0%3D\">\n\t\t\t\t\t<div class=\"e-gallery-image elementor-gallery-item__image\" data-thumbnail=\"https:\/\/www.partner-plast.com\/wp-content\/uploads\/2023\/02\/03-768x1024.jpeg\" data-width=\"768\" data-height=\"1024\" aria-label=\"\" role=\"img\" ><\/div>\n\t\t\t\t\t\t\t\t\t\t\t<div class=\"elementor-gallery-item__overlay\"><\/div>\n\t\t\t\t\t\t\t\t\t\t\t\t\t\t<\/a>\n\t\t\t\t\t\t\t<a class=\"e-gallery-item elementor-gallery-item elementor-animated-content\" href=\"https:\/\/www.partner-plast.com\/wp-content\/uploads\/2023\/02\/01.jpeg\" data-elementor-open-lightbox=\"yes\" data-elementor-lightbox-slideshow=\"dabc058\" data-elementor-lightbox-title=\"01\" data-e-action-hash=\"#elementor-action%3Aaction%3Dlightbox%26settings%3DeyJpZCI6MTM5OCwidXJsIjoiaHR0cHM6XC9cL3d3dy5wYXJ0bmVyLXBsYXN0LmNvbVwvd3AtY29udGVudFwvdXBsb2Fkc1wvMjAyM1wvMDJcLzAxLmpwZWciLCJzbGlkZXNob3ciOiJkYWJjMDU4In0%3D\">\n\t\t\t\t\t<div class=\"e-gallery-image elementor-gallery-item__image\" data-thumbnail=\"https:\/\/www.partner-plast.com\/wp-content\/uploads\/2023\/02\/01-768x1024.jpeg\" data-width=\"768\" data-height=\"1024\" aria-label=\"\" role=\"img\" ><\/div>\n\t\t\t\t\t\t\t\t\t\t\t<div class=\"elementor-gallery-item__overlay\"><\/div>\n\t\t\t\t\t\t\t\t\t\t\t\t\t\t<\/a>\n\t\t\t\t\t\t\t<a class=\"e-gallery-item elementor-gallery-item elementor-animated-content\" href=\"https:\/\/www.partner-plast.com\/wp-content\/uploads\/2023\/02\/02.jpeg\" data-elementor-open-lightbox=\"yes\" data-elementor-lightbox-slideshow=\"dabc058\" data-elementor-lightbox-title=\"02\" data-e-action-hash=\"#elementor-action%3Aaction%3Dlightbox%26settings%3DeyJpZCI6MTQwMSwidXJsIjoiaHR0cHM6XC9cL3d3dy5wYXJ0bmVyLXBsYXN0LmNvbVwvd3AtY29udGVudFwvdXBsb2Fkc1wvMjAyM1wvMDJcLzAyLmpwZWciLCJzbGlkZXNob3ciOiJkYWJjMDU4In0%3D\">\n\t\t\t\t\t<div class=\"e-gallery-image elementor-gallery-item__image\" data-thumbnail=\"https:\/\/www.partner-plast.com\/wp-content\/uploads\/2023\/02\/02-768x576.jpeg\" data-width=\"768\" data-height=\"576\" aria-label=\"\" role=\"img\" ><\/div>\n\t\t\t\t\t\t\t\t\t\t\t<div class=\"elementor-gallery-item__overlay\"><\/div>\n\t\t\t\t\t\t\t\t\t\t\t\t\t\t<\/a>\n\t\t\t\t\t<\/div>\n\t\t\t\t\t<\/div>\n\t\t\t\t<\/div>\n\t\t\t\t\t<\/div>\n\t\t\t\t<\/div>\n\t\t\t\t<\/div>\n\t\t","protected":false},"excerpt":{"rendered":"","protected":false},"author":1,"featured_media":0,"parent":0,"menu_order":0,"comment_status":"closed","ping_status":"closed","template":"","meta":{"footnotes":""},"class_list":["post-1225","page","type-page","status-publish","hentry"],"_links":{"self":[{"href":"https:\/\/www.partner-plast.com\/ru\/wp-json\/wp\/v2\/pages\/1225","targetHints":{"allow":["GET"]}}],"collection":[{"href":"https:\/\/www.partner-plast.com\/ru\/wp-json\/wp\/v2\/pages"}],"about":[{"href":"https:\/\/www.partner-plast.com\/ru\/wp-json\/wp\/v2\/types\/page"}],"author":[{"embeddable":true,"href":"https:\/\/www.partner-plast.com\/ru\/wp-json\/wp\/v2\/users\/1"}],"replies":[{"embeddable":true,"href":"https:\/\/www.partner-plast.com\/ru\/wp-json\/wp\/v2\/comments?post=1225"}],"version-history":[{"count":26,"href":"https:\/\/www.partner-plast.com\/ru\/wp-json\/wp\/v2\/pages\/1225\/revisions"}],"predecessor-version":[{"id":1522,"href":"https:\/\/www.partner-plast.com\/ru\/wp-json\/wp\/v2\/pages\/1225\/revisions\/1522"}],"wp:attachment":[{"href":"https:\/\/www.partner-plast.com\/ru\/wp-json\/wp\/v2\/media?parent=1225"}],"curies":[{"name":"wp","href":"https:\/\/api.w.org\/{rel}","templated":true}]}}